{"id":190,"date":"2024-08-31T10:16:20","date_gmt":"2024-08-31T10:16:20","guid":{"rendered":"https:\/\/spiliapelion.com\/?page_id=190"},"modified":"2024-10-11T21:01:06","modified_gmt":"2024-10-11T21:01:06","slug":"about-us","status":"publish","type":"page","link":"https:\/\/spiliapelion.com\/pl\/about-us\/","title":{"rendered":"O nas"},"content":{"rendered":"<section class=\"bde-section-190-100 bde-section\">\n  \n  \n\t\n\n\n\n<div class=\"section-container\"><div class=\"bde-div-190-101 bde-div\">\n  \n  \n\t\n\n\n\n<div class=\"bde-rich-text-190-102 bde-rich-text breakdance-rich-text-styles\">\n<p class=\"translation-block\"><strong>Paltsi<\/strong> jest idealnym miejscem na letnie wakacje w Pelion na du\u017cej piaszczystej pla\u017cy Agios Konstantinos, kt\u00f3ra jest popularna zar\u00f3wno w\u015br\u00f3d mieszka\u0144c\u00f3w jak i turyst\u00f3w z zagranicy. Paltsi ma r\u00f3wnie\u017c pi\u0119kne \u015bcie\u017cki spacerowe, kt\u00f3re odwiedzaj\u0105cy mog\u0105 zwiedza\u0107 wybieraj\u0105c si\u0119 na zachwycaj\u0105c\u0105 podr\u00f3\u017c przez osza\u0142amiaj\u0105c\u0105 ziele\u0144 i naturalne wody.<\/p>\n<\/div>\n<\/div><\/div>\n<\/section><section class=\"bde-section-190-103 bde-section\">\n  \n  \n\t\n\n\n\n<div class=\"section-container\"><div class=\"bde-columns-190-104 bde-columns\"><div class=\"bde-column-190-105 bde-column\">\n  \n  \n\t\n\n\n\n<h1 class=\"bde-dual-heading-190-109 bde-dual-heading\">\n\n\n            <span data-style=\"primary\" class=\"dual-heading--primary\">Witamy! <br><\/span>\n\n            <span data-style=\"secondary\" class=\"dual-heading--secondary  js-annotate\">Spilia Apartments<\/span>\n\n\n\n<\/h1><div class=\"bde-rich-text-190-108 bde-rich-text breakdance-rich-text-styles\">\n<p class=\"translation-block\">W pi\u0119knej nadmorskiej wiosce Paltsi, znajdziesz \"Spilia Apartments\u201d, jest to nasza siedziba. Jeste\u015bmy dumni, \u017ce mo\u017cemy zaoferowa\u0107 Pa\u0144stwu wspania\u0142y wyb\u00f3r zakwaterowania podczas pobytu w mie\u015bcie Pelion.<\/p>\n<p>Hotel usytuowany jest na wzg\u00f3rzu, w pobli\u017cu morza i jeste\u015bmy bardzo szcz\u0119\u015bliwi z tak spokojnego i inspiruj\u0105cego po\u0142o\u017cenia. Mo\u017cna usi\u0105\u015b\u0107 na zewn\u0105trz i cieszy\u0107 si\u0119 promieniami letniego s\u0142o\u0144ca i poczu\u0107 relaks szumu morza i \u015bpiewu ptak\u00f3w.<\/p>\n<\/div><div class=\"bde-icon-list-190-120 bde-icon-list\">\n<ul>\n  \n              \n    <li>\n              <div class='bde-icon-list__item-wrapper'>\n      \n      <span class='bde-icon-list__icon'>\n        <svg xmlns=\"http:\/\/www.w3.org\/2000\/svg\" xmlns:xlink=\"http:\/\/www.w3.org\/1999\/xlink\" version=\"1.1\" x=\"0px\" y=\"0px\" viewbox=\"0 0 100 125\" enable-background=\"new 0 0 100 100\" xml:space=\"preserve\"><g><path fill=\"none\" d=\"M50.001,47.685c0,0-0.001,0-0.001,0l-0.001,0c-7.206,0.004-13.983,2.812-19.081,7.906   c-1.452,1.453-1.452,3.814,0,5.267c1.408,1.405,3.862,1.407,5.271,0c3.69-3.689,8.594-5.72,13.809-5.72h0.004   c4.563,0,8.888,1.555,12.369,4.415c0.497,0.409,0.978,0.844,1.439,1.305c1.408,1.41,3.863,1.408,5.265,0.002   c0.708-0.706,1.095-1.642,1.096-2.636c0-0.994-0.387-1.929-1.091-2.633C63.978,50.492,57.203,47.685,50.001,47.685z\"\/><path fill=\"none\" d=\"M49.997,32.2c-11.361,0-22.029,4.414-30.039,12.427c-0.529,0.528-0.88,1.186-1.022,1.902   c-0.047,0.238-0.072,0.483-0.072,0.731c0,0.994,0.387,1.93,1.093,2.633c1.406,1.41,3.86,1.407,5.268,0.001   c6.606-6.606,15.404-10.245,24.772-10.245c9.369,0,18.169,3.639,24.779,10.245c1.406,1.41,3.857,1.408,5.267,0   c0.703-0.704,1.091-1.639,1.091-2.633c0-0.995-0.387-1.93-1.091-2.634C72.029,36.614,61.359,32.2,49.997,32.2z\"\/><path fill=\"none\" d=\"M49.997,66.042c-2.304,0-4.469,0.897-6.098,2.526c-1.629,1.629-2.527,3.796-2.527,6.101   c0,2.304,0.898,4.469,2.527,6.097c1.628,1.632,3.794,2.53,6.098,2.53c2.306,0,4.472-0.898,6.1-2.528   c1.63-1.629,2.528-3.795,2.528-6.099c0-2.305-0.898-4.471-2.527-6.101C54.47,66.939,52.303,66.042,49.997,66.042z\"\/><path fill=\"none\" d=\"M49.997,16.704c-15.507,0-30.07,6.023-41.007,16.959C8.288,34.367,7.9,35.302,7.9,36.296   c0,0.995,0.387,1.93,1.091,2.634c1.408,1.406,3.863,1.407,5.267,0.001c9.532-9.532,22.224-14.781,35.74-14.781   c13.519,0,26.21,5.249,35.739,14.78c1.404,1.406,3.866,1.404,5.265,0.002c0.708-0.706,1.095-1.642,1.095-2.636   c0-0.993-0.387-1.929-1.093-2.632C80.07,22.727,65.507,16.704,49.997,16.704z\"\/><path d=\"M49.997,63.139c-3.079,0-5.974,1.199-8.151,3.377c-2.178,2.177-3.378,5.073-3.378,8.153s1.2,5.975,3.377,8.15   c2.176,2.18,5.07,3.381,8.151,3.381c3.083,0,5.979-1.2,8.153-3.379c2.177-2.177,3.378-5.071,3.378-8.151s-1.199-5.976-3.378-8.153   C55.974,64.338,53.078,63.139,49.997,63.139z M56.097,80.768c-1.627,1.63-3.794,2.528-6.1,2.528c-2.304,0-4.469-0.898-6.098-2.53   c-1.629-1.627-2.527-3.793-2.527-6.097c0-2.305,0.898-4.471,2.527-6.101c1.628-1.629,3.794-2.526,6.098-2.526   c2.306,0,4.472,0.897,6.101,2.526c1.629,1.629,2.527,3.796,2.527,6.101C58.625,76.973,57.727,79.138,56.097,80.768z\"\/><path d=\"M68.929,51.54c-5.331-4.378-11.949-6.759-18.928-6.759h-0.004h-0.001c-7.98,0.004-15.484,3.113-21.131,8.756   c-2.584,2.584-2.584,6.789,0,9.373c1.293,1.293,2.99,1.939,4.689,1.939c1.697,0,3.396-0.646,4.688-1.939   c3.141-3.14,7.316-4.869,11.756-4.869c0,0,0.001,0,0.002,0c0,0,0.001,0,0.002,0c4.439,0,8.615,1.73,11.754,4.869   c1.252,1.253,2.918,1.943,4.689,1.943c1.773,0,3.437-0.691,4.684-1.942c1.254-1.251,1.945-2.916,1.946-4.687   c0-1.77-0.689-3.434-1.941-4.687C70.426,52.832,69.691,52.165,68.929,51.54z M69.074,60.859c-1.403,1.406-3.857,1.408-5.265-0.002   c-0.461-0.461-0.941-0.896-1.439-1.305c-3.482-2.86-7.806-4.415-12.369-4.415h-0.004c-5.215,0-10.119,2.031-13.809,5.72   c-1.409,1.407-3.863,1.405-5.271,0c-1.452-1.453-1.452-3.814,0-5.267c5.098-5.094,11.874-7.902,19.081-7.906l0.001,0   c0,0,0.001,0,0.001,0c7.202,0,13.977,2.808,19.079,7.906c0.703,0.704,1.091,1.639,1.091,2.633   C70.17,59.218,69.782,60.153,69.074,60.859z\"\/><path d=\"M49.997,29.297c-12.137,0-23.535,4.715-32.091,13.277c-1.254,1.252-1.945,2.917-1.945,4.687   c0,1.771,0.691,3.435,1.943,4.686c1.25,1.252,2.915,1.942,4.686,1.942c1.771,0,3.435-0.689,4.688-1.941   c6.058-6.058,14.126-9.394,22.719-9.394c8.594,0,16.664,3.336,22.724,9.393c1.25,1.253,2.915,1.944,4.687,1.944   c1.77,0,3.434-0.69,4.688-1.943c2.584-2.584,2.584-6.789,0-9.373C73.535,34.012,62.135,29.297,49.997,29.297z M80.043,49.894   c-1.41,1.408-3.861,1.41-5.267,0c-6.61-6.606-15.41-10.245-24.779-10.245c-9.368,0-18.166,3.639-24.772,10.245   c-1.408,1.406-3.862,1.409-5.268-0.001c-0.705-0.703-1.093-1.639-1.093-2.633c0-0.248,0.024-0.493,0.072-0.731   c0.142-0.715,0.492-1.374,1.022-1.902C27.968,36.614,38.636,32.2,49.997,32.2c11.362,0,22.032,4.414,30.046,12.427   c0.703,0.704,1.091,1.639,1.091,2.634C81.134,48.255,80.746,49.19,80.043,49.894z\"\/><path d=\"M93.056,31.61C81.575,20.126,66.283,13.801,49.997,13.801c-16.283,0-31.575,6.325-43.059,17.809   c-2.584,2.584-2.584,6.789,0,9.373c1.252,1.252,2.917,1.941,4.688,1.941c1.772,0,3.436-0.69,4.686-1.941   c8.983-8.983,20.946-13.93,33.686-13.93c12.743,0,24.706,4.947,33.685,13.93c1.25,1.251,2.916,1.94,4.689,1.94   c1.775,0,3.439-0.69,4.684-1.939C94.309,39.732,95,38.067,95,36.296C95,34.526,94.309,32.862,93.056,31.61z M91.001,38.932   c-1.399,1.403-3.861,1.404-5.265-0.002c-9.528-9.531-22.22-14.78-35.739-14.78c-13.516,0-26.207,5.249-35.74,14.781   c-1.404,1.406-3.859,1.405-5.267-0.001C8.288,38.226,7.9,37.291,7.9,36.296c0-0.994,0.387-1.929,1.091-2.633   c10.937-10.936,25.5-16.959,41.007-16.959c15.51,0,30.073,6.023,41.007,16.96c0.705,0.703,1.093,1.639,1.093,2.632   C92.097,37.29,91.709,38.226,91.001,38.932z\"\/><\/g><\/svg>\n      <\/span>\n      <span class='bde-icon-list__text' >\n      Dost\u0119p do Internetu\n      <\/span>\n              <\/div>\n      \n    <\/li>\n\n  \n              \n    <li>\n              <div class='bde-icon-list__item-wrapper'>\n      \n      <span class='bde-icon-list__icon'>\n        <svg xmlns=\"http:\/\/www.w3.org\/2000\/svg\" version=\"1.1\" viewbox=\"-5.0 -10.0 110.0 135.0\">\r\n <path d=\"m90.625 50.52h-47.395c-0.64844 0-1.1719 0.52344-1.1719 1.1719v1.6953c0 6.3984 3.3477 12.023 8.375 15.242l1.4922 15.66c0.22656 2.3516 2.1758 4.125 4.5391 4.125h20.926c2.3633 0 4.3125-1.7734 4.5352-4.125l1.4922-15.66c5.0273-3.2188 8.3789-8.8398 8.3789-15.242v-1.6953c0-0.64844-0.52344-1.1719-1.1719-1.1719zm-8.0586 2.3438-1.3594 14.285c-2.2422 1.2266-4.7734 1.9883-7.5039 1.9883h-13.543c-2.7305 0-5.2656-0.76172-7.5078-1.9883l-1.3594-14.285h31.277zm-38.164 0.52344v-0.52344h4.5312l1.1953 12.574c-3.4688-2.8906-5.7305-7.1914-5.7305-12.051zm35.191 30.68c-0.10938 1.1445-1.0547 2.0039-2.2031 2.0039h-20.926c-1.1484 0-2.0938-0.86328-2.2031-2.0039l-1.3438-14.102c2.2188 0.97266 4.6641 1.5234 7.2383 1.5234h13.543c2.5742 0 5.0195-0.54688 7.2383-1.5195l-1.3438 14.102zm9.8594-30.68c0 4.8594-2.2578 9.1602-5.7305 12.051l1.1992-12.574h4.5312zm-64.844 11.328h6.7695c0.64844 0 1.1719-0.52344 1.1719-1.1719v-47.398c0-2.5117-2.043-4.5547-4.5547-4.5547-2.5117 0-4.5586 2.043-4.5586 4.5547v47.398c0 0.64844 0.52344 1.1719 1.1719 1.1719zm1.1719-48.57c0-1.2188 0.99219-2.2109 2.2148-2.2109 1.2188 0 2.2109 0.99219 2.2109 2.2109v46.227h-4.4258zm13.145 60.055-6.7188-6.7148c-0.21875-0.21875-0.51562-0.34375-0.82812-0.34375h-6.7695c-0.3125 0-0.60938 0.125-0.82812 0.34375l-6.7148 6.7148c-5.0625 1.1328-8.8633 5.6406-8.8633 11.039 0 0.64844 0.52344 1.1719 1.1719 1.1719h37.238c0.64844 0 1.1719-0.52344 1.1719-1.1719 0-5.3984-3.8008-9.9062-8.8594-11.039zm-13.832-4.7148h5.8008l4.4297 4.4258h-14.656zm-14.473 14.582c0.57422-4.4023 4.3516-7.8125 8.9062-7.8125h16.926c4.5547 0 8.332 3.4102 8.9062 7.8125zm56.305-45.051c8.1133 0 14.715-6.6016 14.715-14.715s-6.6016-14.711-14.715-14.711-14.711 6.5977-14.711 14.711 6.5977 14.715 14.711 14.715zm0-27.082c6.8203 0 12.371 5.5469 12.371 12.367 0 6.8203-5.5508 12.371-12.371 12.371-6.8203 0-12.367-5.5508-12.367-12.371 0-6.8203 5.5469-12.367 12.367-12.367zm-5.9062 13.199c-0.45703-0.45703-0.45703-1.1992 0-1.6562 0.45703-0.45703 1.1992-0.45703 1.6562 0l2.5586 2.5586 5.9414-5.9414c0.45703-0.45703 1.1992-0.45703 1.6562 0s0.45703 1.1992 0 1.6562l-6.7695 6.7695c-0.23047 0.23047-0.52734 0.34375-0.82812 0.34375s-0.60156-0.11328-0.82812-0.34375z\"\/><\/svg>\n      <\/span>\n      <span class='bde-icon-list__text' >\n      Us\u0142uga sprz\u0105tania na \u017cyczenie (opr\u00f3cz codziennej us\u0142ugi sprz\u0105tania)\n      <\/span>\n              <\/div>\n      \n    <\/li>\n\n  \n              \n    <li>\n              <div class='bde-icon-list__item-wrapper'>\n      \n      <span class='bde-icon-list__icon'>\n        <svg xmlns=\"http:\/\/www.w3.org\/2000\/svg\" version=\"1.1\" x=\"0px\" y=\"0px\" viewbox=\"0 0 100 125\"><path d=\"M 30.8125 24 A 1.0001 1.0001 0 0 0 30.03125 24.6875 L 19.34375 58.65625 A 1.0001 1.0001 0 0 0 19.34375 58.6875 C 19.12271 59.42235 19 60.195001 19 61 C 19 63.104726 19.825054 65.00845 21.15625 66.4375 L 19.1875 74.78125 A 1.0001 1.0001 0 0 0 20.15625 76 L 73 76 C 77.414703 76 81 72.414703 81 68 C 81 66.782353 80.705254 65.628807 80.21875 64.59375 L 80.21875 64.5625 L 65.90625 31.59375 A 1.0001 1.0001 0 0 0 65 31 L 58.125 31 L 55.9375 24.6875 A 1.0001 1.0001 0 0 0 55 24 L 31 24 A 1.0001 1.0001 0 0 0 30.90625 24 A 1.0001 1.0001 0 0 0 30.8125 24 z M 70.03125 24 A 1.0001 1.0001 0 0 0 69.28125 24.65625 L 68.625 26.4375 L 66.875 27.0625 A 1.0001 1.0001 0 0 0 66.875 28.9375 L 68.625 29.5625 L 69.28125 31.34375 A 1.0001 1.0001 0 0 0 71.15625 31.34375 L 71.78125 29.5625 L 73.5625 28.9375 A 1.0001 1.0001 0 0 0 73.5625 27.0625 L 71.78125 26.4375 L 71.15625 24.65625 A 1.0001 1.0001 0 0 0 70.125 24 A 1.0001 1.0001 0 0 0 70.03125 24 z M 31.75 26 L 54.3125 26 L 63.625 53 L 27 53 C 25.472079 53 24.059763 53.444788 22.84375 54.1875 L 31.75 26 z M 70.21875 27.8125 A 1.0001 1.0001 0 0 0 70.375 28 A 1.0001 1.0001 0 0 0 70.21875 28.1875 A 1.0001 1.0001 0 0 0 70.03125 28 A 1.0001 1.0001 0 0 0 70.21875 27.8125 z M 58.8125 33 L 64.34375 33 L 76.375 60.71875 C 75.332972 60.259155 74.189957 60 73 60 L 27 60 A 1.0001 1.0001 0 0 0 26.90625 60 A 1.001098 1.001098 0 1 0 27 62 L 73 62 C 74.927082 62 76.76769 62.916531 77.84375 64.28125 A 1.0004882 1.0004882 0 0 0 78 64.4375 L 78.40625 65.375 A 1.0001 1.0001 0 0 0 78.4375 65.40625 C 78.807725 66.186256 79 67.070379 79 68 C 79 71.341297 76.341297 74 73 74 L 21.40625 74 L 22.875 67.84375 C 24.080586 68.572243 25.490135 69 27 69 L 72.96875 69 A 1.0001 1.0001 0 1 0 72.96875 67 L 27 67 C 23.658703 67 21 64.341297 21 61 C 21 60.401394 21.09003 59.822969 21.25 59.28125 C 21.2528 59.27165 21.2471 59.25963 21.25 59.25 L 21.46875 58.59375 A 1.0001 1.0001 0 0 0 21.59375 58.375 C 22.565931 56.383094 24.611633 55 27 55 L 65 55 A 1.0001 1.0001 0 0 0 65.9375 53.6875 L 58.8125 33 z M 75.75 34 A 1.0001 1.0001 0 0 0 75 34.65625 L 74.125 37.15625 L 71.625 38.0625 A 1.0001 1.0001 0 0 0 71.625 39.9375 L 74.125 40.84375 L 75 43.34375 A 1.0001 1.0001 0 0 0 76.875 43.34375 L 77.78125 40.84375 L 80.28125 39.9375 A 1.0001 1.0001 0 0 0 80.28125 38.0625 L 77.78125 37.15625 L 76.875 34.65625 A 1.0001 1.0001 0 0 0 75.875 34 A 1.0001 1.0001 0 0 0 75.75 34 z M 75.9375 38 L 76.0625 38.28125 A 1.0001 1.0001 0 0 0 76.65625 38.90625 L 76.9375 39 L 76.65625 39.09375 A 1.0001 1.0001 0 0 0 76.0625 39.71875 L 75.9375 40 L 75.84375 39.71875 A 1.0001 1.0001 0 0 0 75.25 39.09375 L 74.9375 39 L 75.25 38.90625 A 1.0001 1.0001 0 0 0 75.84375 38.28125 L 75.9375 38 z \"\/><\/svg>\n      <\/span>\n      <span class='bde-icon-list__text' >\n      Zmiana po\u015bcieli i r\u0119cznik\u00f3w poza wy\u017cej wymienionymi obowi\u0105zkowymi us\u0142ugami (odpowiednio 2 i 4 razy)\n      <\/span>\n              <\/div>\n      \n    <\/li>\n\n  <\/ul>\n\n<\/div>\n<\/div><div class=\"bde-column-190-106 bde-column\">\n  \n  \n\t\n\n\n\n<div class=\"bde-image-190-107 bde-image\">\n<figure class=\"breakdance-image breakdance-image--197\">\n\t<div class=\"breakdance-image-container\">\n\t\t<div class=\"breakdance-image-clip\"><div class=\"breakdance-image__mask\"><img loading=\"lazy\" decoding=\"async\" class=\"breakdance-image-object\" src=\"https:\/\/spiliapelion.com\/wp-content\/uploads\/2024\/08\/spilia-apartments-pool-10-tinified.jpg\" width=\"797\" height=\"1200\" srcset=\"https:\/\/spiliapelion.com\/wp-content\/uploads\/2024\/08\/spilia-apartments-pool-10-tinified.jpg 797w, https:\/\/spiliapelion.com\/wp-content\/uploads\/2024\/08\/spilia-apartments-pool-10-tinified-199x300.jpg 199w, https:\/\/spiliapelion.com\/wp-content\/uploads\/2024\/08\/spilia-apartments-pool-10-tinified-680x1024.jpg 680w, https:\/\/spiliapelion.com\/wp-content\/uploads\/2024\/08\/spilia-apartments-pool-10-tinified-768x1156.jpg 768w\" sizes=\"auto, (max-width: 797px) 100vw, 797px\"><\/div><\/div>\n\t<\/div><\/figure>\n\n<\/div>\n<\/div><\/div><\/div>\n<\/section><section class=\"bde-section-190-110 bde-section\">\n              \n  \n  \n\t\n\n  <div class=\"section-background-overlay\"><\/div>\n\n\n<div class=\"section-container\"><div class=\"bde-columns-190-111 bde-columns\"><div class=\"bde-column-190-112 bde-column\">\n  \n  \n\t\n\n\n\n<div class=\"bde-basicslider-190-115 bde-basicslider\">\n<div class=\"breakdance-swiper-wrapper\" data-swiper-id=\"115\">\n    <div class=\"swiper\">\n      <div class=\"swiper-wrapper\">\n      \n\t                    \n        <div class=\"swiper-slide\">\n          <div class=\"bde-basicslider__slide\">\n              <div class=\"bde-basicslider__content\">\n                                                <\/div>\n\n\t\t\t\t\t\t          <img loading=\"lazy\" decoding=\"async\" class=\"breakdance-image-object bde-basicslider__image\" src=\"https:\/\/spiliapelion.com\/wp-content\/uploads\/2024\/08\/spilia-apartments-pool-03-tinified.jpg\" width=\"1200\" height=\"797\" srcset=\"https:\/\/spiliapelion.com\/wp-content\/uploads\/2024\/08\/spilia-apartments-pool-03-tinified.jpg 1200w, https:\/\/spiliapelion.com\/wp-content\/uploads\/2024\/08\/spilia-apartments-pool-03-tinified-300x199.jpg 300w, https:\/\/spiliapelion.com\/wp-content\/uploads\/2024\/08\/spilia-apartments-pool-03-tinified-1024x680.jpg 1024w, https:\/\/spiliapelion.com\/wp-content\/uploads\/2024\/08\/spilia-apartments-pool-03-tinified-768x510.jpg 768w\" sizes=\"auto, (max-width: 1200px) 100vw, 1200px\">\n\t\t\t\n          <\/div>\n        <\/div>\n       \n\t                    \n        <div class=\"swiper-slide\">\n          <div class=\"bde-basicslider__slide\">\n              <div class=\"bde-basicslider__content\">\n                                                <\/div>\n\n\t\t\t\t\t\t          <img loading=\"lazy\" decoding=\"async\" class=\"breakdance-image-object bde-basicslider__image\" src=\"https:\/\/spiliapelion.com\/wp-content\/uploads\/2024\/08\/spilia-apartments-pool-05-tinified.jpg\" width=\"1200\" height=\"797\" srcset=\"https:\/\/spiliapelion.com\/wp-content\/uploads\/2024\/08\/spilia-apartments-pool-05-tinified.jpg 1200w, https:\/\/spiliapelion.com\/wp-content\/uploads\/2024\/08\/spilia-apartments-pool-05-tinified-300x199.jpg 300w, https:\/\/spiliapelion.com\/wp-content\/uploads\/2024\/08\/spilia-apartments-pool-05-tinified-1024x680.jpg 1024w, https:\/\/spiliapelion.com\/wp-content\/uploads\/2024\/08\/spilia-apartments-pool-05-tinified-768x510.jpg 768w\" sizes=\"auto, (max-width: 1200px) 100vw, 1200px\">\n\t\t\t\n          <\/div>\n        <\/div>\n       \n\t                    \n        <div class=\"swiper-slide\">\n          <div class=\"bde-basicslider__slide\">\n              <div class=\"bde-basicslider__content\">\n                                                <\/div>\n\n\t\t\t\t\t\t          <img loading=\"lazy\" decoding=\"async\" class=\"breakdance-image-object bde-basicslider__image\" src=\"https:\/\/spiliapelion.com\/wp-content\/uploads\/2024\/08\/spilia-apartments-pool-06-tinified.jpg\" width=\"1200\" height=\"797\" srcset=\"https:\/\/spiliapelion.com\/wp-content\/uploads\/2024\/08\/spilia-apartments-pool-06-tinified.jpg 1200w, https:\/\/spiliapelion.com\/wp-content\/uploads\/2024\/08\/spilia-apartments-pool-06-tinified-300x199.jpg 300w, https:\/\/spiliapelion.com\/wp-content\/uploads\/2024\/08\/spilia-apartments-pool-06-tinified-1024x680.jpg 1024w, https:\/\/spiliapelion.com\/wp-content\/uploads\/2024\/08\/spilia-apartments-pool-06-tinified-768x510.jpg 768w\" sizes=\"auto, (max-width: 1200px) 100vw, 1200px\">\n\t\t\t\n          <\/div>\n        <\/div>\n       \n\t                    \n        <div class=\"swiper-slide\">\n          <div class=\"bde-basicslider__slide\">\n              <div class=\"bde-basicslider__content\">\n                                                <\/div>\n\n\t\t\t\t\t\t          <img loading=\"lazy\" decoding=\"async\" class=\"breakdance-image-object bde-basicslider__image\" src=\"https:\/\/spiliapelion.com\/wp-content\/uploads\/2024\/08\/spilia-apartments-pool-07-tinified.jpg\" width=\"1200\" height=\"797\" srcset=\"https:\/\/spiliapelion.com\/wp-content\/uploads\/2024\/08\/spilia-apartments-pool-07-tinified.jpg 1200w, https:\/\/spiliapelion.com\/wp-content\/uploads\/2024\/08\/spilia-apartments-pool-07-tinified-300x199.jpg 300w, https:\/\/spiliapelion.com\/wp-content\/uploads\/2024\/08\/spilia-apartments-pool-07-tinified-1024x680.jpg 1024w, https:\/\/spiliapelion.com\/wp-content\/uploads\/2024\/08\/spilia-apartments-pool-07-tinified-768x510.jpg 768w\" sizes=\"auto, (max-width: 1200px) 100vw, 1200px\">\n\t\t\t\n          <\/div>\n        <\/div>\n       \n      <\/div>\n    <\/div>\n                <div class=\"swiper-button-prev\">\n            \n        <\/div>\n        <div class=\"swiper-button-next\">\n            \n        <\/div>\n    \n            <div class=\"swiper-pagination\"><\/div>\n    \n<\/div>\n\n<\/div><div class=\"bde-rich-text-190-116 bde-rich-text breakdance-rich-text-styles\">\n<p class=\"translation-block\">Mamy te\u017c <strong>basen<\/strong>, kt\u00f3ry jest bardzo popularny w\u015br\u00f3d naszych go\u015bci, szczeg\u00f3lnie tych m\u0142odszych. Usi\u0105d\u017a lub skorzystaj z solarium przy basenie lub po prostu odpocznij. Pragniemy, aby czas tu z nami by\u0142 wolny i tak przyjemny jak tylko to mo\u017cliwe.<\/p>\n<p>\u00a0<\/p>\n<\/div>\n<\/div><div class=\"bde-column-190-113 bde-column\">\n  \n  \n\t\n\n\n\n<div class=\"bde-basicslider-190-118 bde-basicslider\">\n<div class=\"breakdance-swiper-wrapper\" data-swiper-id=\"118\">\n    <div class=\"swiper\">\n      <div class=\"swiper-wrapper\">\n      \n\t                    \n        <div class=\"swiper-slide\">\n          <div class=\"bde-basicslider__slide\">\n              <div class=\"bde-basicslider__content\">\n                                                <\/div>\n\n\t\t\t\t\t\t          <img loading=\"lazy\" decoding=\"async\" class=\"breakdance-image-object bde-basicslider__image\" src=\"https:\/\/spiliapelion.com\/wp-content\/uploads\/2024\/08\/spilia-apartments-beach-bar-01-tinified.jpg\" width=\"1200\" height=\"797\" srcset=\"https:\/\/spiliapelion.com\/wp-content\/uploads\/2024\/08\/spilia-apartments-beach-bar-01-tinified.jpg 1200w, https:\/\/spiliapelion.com\/wp-content\/uploads\/2024\/08\/spilia-apartments-beach-bar-01-tinified-300x199.jpg 300w, https:\/\/spiliapelion.com\/wp-content\/uploads\/2024\/08\/spilia-apartments-beach-bar-01-tinified-1024x680.jpg 1024w, https:\/\/spiliapelion.com\/wp-content\/uploads\/2024\/08\/spilia-apartments-beach-bar-01-tinified-768x510.jpg 768w\" sizes=\"auto, (max-width: 1200px) 100vw, 1200px\">\n\t\t\t\n          <\/div>\n        <\/div>\n       \n\t                    \n        <div class=\"swiper-slide\">\n          <div class=\"bde-basicslider__slide\">\n              <div class=\"bde-basicslider__content\">\n                                                <\/div>\n\n\t\t\t\t\t\t          <img loading=\"lazy\" decoding=\"async\" class=\"breakdance-image-object bde-basicslider__image\" src=\"https:\/\/spiliapelion.com\/wp-content\/uploads\/2024\/08\/spilia-apartments-beach-bar-04-tinified.jpg\" width=\"1200\" height=\"797\" srcset=\"https:\/\/spiliapelion.com\/wp-content\/uploads\/2024\/08\/spilia-apartments-beach-bar-04-tinified.jpg 1200w, https:\/\/spiliapelion.com\/wp-content\/uploads\/2024\/08\/spilia-apartments-beach-bar-04-tinified-300x199.jpg 300w, https:\/\/spiliapelion.com\/wp-content\/uploads\/2024\/08\/spilia-apartments-beach-bar-04-tinified-1024x680.jpg 1024w, https:\/\/spiliapelion.com\/wp-content\/uploads\/2024\/08\/spilia-apartments-beach-bar-04-tinified-768x510.jpg 768w\" sizes=\"auto, (max-width: 1200px) 100vw, 1200px\">\n\t\t\t\n          <\/div>\n        <\/div>\n       \n\t                    \n        <div class=\"swiper-slide\">\n          <div class=\"bde-basicslider__slide\">\n              <div class=\"bde-basicslider__content\">\n                                                <\/div>\n\n\t\t\t\t\t\t          <img loading=\"lazy\" decoding=\"async\" class=\"breakdance-image-object bde-basicslider__image\" src=\"https:\/\/spiliapelion.com\/wp-content\/uploads\/2024\/08\/spilia-apartments-beach-bar-05-tinified.jpg\" width=\"1200\" height=\"797\" srcset=\"https:\/\/spiliapelion.com\/wp-content\/uploads\/2024\/08\/spilia-apartments-beach-bar-05-tinified.jpg 1200w, https:\/\/spiliapelion.com\/wp-content\/uploads\/2024\/08\/spilia-apartments-beach-bar-05-tinified-300x199.jpg 300w, https:\/\/spiliapelion.com\/wp-content\/uploads\/2024\/08\/spilia-apartments-beach-bar-05-tinified-1024x680.jpg 1024w, https:\/\/spiliapelion.com\/wp-content\/uploads\/2024\/08\/spilia-apartments-beach-bar-05-tinified-768x510.jpg 768w\" sizes=\"auto, (max-width: 1200px) 100vw, 1200px\">\n\t\t\t\n          <\/div>\n        <\/div>\n       \n\t                    \n        <div class=\"swiper-slide\">\n          <div class=\"bde-basicslider__slide\">\n              <div class=\"bde-basicslider__content\">\n                                                <\/div>\n\n\t\t\t\t\t\t          <img loading=\"lazy\" decoding=\"async\" class=\"breakdance-image-object bde-basicslider__image\" src=\"https:\/\/spiliapelion.com\/wp-content\/uploads\/2024\/08\/spilia-apartments-beach-bar-09-tinified.jpg\" width=\"1200\" height=\"797\" srcset=\"https:\/\/spiliapelion.com\/wp-content\/uploads\/2024\/08\/spilia-apartments-beach-bar-09-tinified.jpg 1200w, https:\/\/spiliapelion.com\/wp-content\/uploads\/2024\/08\/spilia-apartments-beach-bar-09-tinified-300x199.jpg 300w, https:\/\/spiliapelion.com\/wp-content\/uploads\/2024\/08\/spilia-apartments-beach-bar-09-tinified-1024x680.jpg 1024w, https:\/\/spiliapelion.com\/wp-content\/uploads\/2024\/08\/spilia-apartments-beach-bar-09-tinified-768x510.jpg 768w\" sizes=\"auto, (max-width: 1200px) 100vw, 1200px\">\n\t\t\t\n          <\/div>\n        <\/div>\n       \n      <\/div>\n    <\/div>\n                <div class=\"swiper-button-prev\">\n            \n        <\/div>\n        <div class=\"swiper-button-next\">\n            \n        <\/div>\n    \n            <div class=\"swiper-pagination\"><\/div>\n    \n<\/div>\n\n<\/div><div class=\"bde-rich-text-190-119 bde-rich-text breakdance-rich-text-styles\">\n<p class=\"translation-block\">Mamy te\u017c w\u0142asn\u0105 <strong>kawiarni\u0119<\/strong>, gdzie wszyscy nasi go\u015bcie s\u0105 mile widziane, aby przyj\u015b\u0107 i do\u0142\u0105czy\u0107 do nas na wypicie ani kawy i zrelaksowanie si\u0119 w spokojnej atmosferze.<\/p>\n<\/div>\n<\/div><\/div><\/div>\n<\/section>","protected":false},"excerpt":{"rendered":"<p>Paltsi is ideal for your summer holidays in Pelion, and the large sandy beach of Agios Konstantinos is popular with both locals and visitors from abroad. Paltsi also has some lovely walking paths which visitors can follow, taking them on a delightful journey through stunning green scenery and natural spring waters. Welcome to Spilia Apartments [&hellip;]<\/p>","protected":false},"author":1,"featured_media":0,"parent":0,"menu_order":0,"comment_status":"closed","ping_status":"closed","template":"","meta":{"_breakdance_hide_in_design_set":false,"_breakdance_tags":"","footnotes":""},"class_list":["post-190","page","type-page","status-publish","hentry"],"_links":{"self":[{"href":"https:\/\/spiliapelion.com\/pl\/wp-json\/wp\/v2\/pages\/190","targetHints":{"allow":["GET"]}}],"collection":[{"href":"https:\/\/spiliapelion.com\/pl\/wp-json\/wp\/v2\/pages"}],"about":[{"href":"https:\/\/spiliapelion.com\/pl\/wp-json\/wp\/v2\/types\/page"}],"author":[{"embeddable":true,"href":"https:\/\/spiliapelion.com\/pl\/wp-json\/wp\/v2\/users\/1"}],"replies":[{"embeddable":true,"href":"https:\/\/spiliapelion.com\/pl\/wp-json\/wp\/v2\/comments?post=190"}],"version-history":[{"count":5,"href":"https:\/\/spiliapelion.com\/pl\/wp-json\/wp\/v2\/pages\/190\/revisions"}],"predecessor-version":[{"id":538,"href":"https:\/\/spiliapelion.com\/pl\/wp-json\/wp\/v2\/pages\/190\/revisions\/538"}],"wp:attachment":[{"href":"https:\/\/spiliapelion.com\/pl\/wp-json\/wp\/v2\/media?parent=190"}],"curies":[{"name":"wp","href":"https:\/\/api.w.org\/{rel}","templated":true}]}}