{"id":262,"date":"2024-08-31T23:25:15","date_gmt":"2024-08-31T23:25:15","guid":{"rendered":"https:\/\/spiliapelion.com\/?page_id=262"},"modified":"2024-09-14T08:08:53","modified_gmt":"2024-09-14T08:08:53","slug":"contact-us","status":"publish","type":"page","link":"https:\/\/spiliapelion.com\/fr\/contact-us\/","title":{"rendered":"Contact us"},"content":{"rendered":"<section class=\"bde-section-262-100 bde-section\">\n  \n  \n\t\n\n\n\n<div class=\"section-container\"><div class=\"bde-div-262-101 bde-div\">\n  \n  \n\t\n\n\n\n<div class=\"bde-rich-text-262-102 bde-rich-text breakdance-rich-text-styles\">\n<p class=\"translation-block\">Des villages pittoresques de toute taille,  \u00e0 la fois montagneux et c\u00f4tiers, sont dispers\u00e9s dans toute la p\u00e9ninsule de P\u00e9lion. Le charmant village de Paltsi est un grand hameau littoral, situ\u00e9 \u00e0 53 km de la ville de Volos, et \u00e0 13km du village voisin de Argalasti.<\/p>\n<\/div>\n<\/div><\/div>\n<\/section><section class=\"bde-section-262-145 bde-section\">\n  \n  \n\t\n\n\n\n<div class=\"section-container\"><div class=\"bde-div-262-133 bde-div\">\n  \n  \n\t\n\n\n\n<h1 class=\"bde-heading-262-119 bde-heading\">\nContacter les appartements Spilia\n<\/h1><div class=\"bde-text-262-106 bde-text\">\nSi vous avez des questions au sujet de l'h\u00e9bergement et des services dont nous disposons, s'il vous pla\u00eet n'h\u00e9sitez pas \u00e0 nous contacter. Nous attendons avec  impatience  de vous offrir notre hospitalit\u00e9 chaleureuse et nous  sommes fermement convaincus que vous serez enti\u00e8rement satisfaits  par le service du notre personnel.\n<\/div>\n<\/div><div class=\"bde-columns-262-134 bde-columns\"><div class=\"bde-column-262-135 bde-column\">\n              \n  \n  \n\t\n\n  <div class=\"section-background-overlay\"><\/div>\n\n\n<div class=\"bde-icon-262-121 bde-icon\">\n\n    \n            <div class=\"bde-icon-icon breakdance-icon-atom\" >\n    \n                    <svg xmlns=\"http:\/\/www.w3.org\/2000\/svg\" version=\"1.1\" viewbox=\"-5.0 -10.0 110.0 135.0\">\r\n <path d=\"m50 100c-0.50391 0-0.99609-0.18359-1.375-0.51562-1.8516-1.418-40.559-34.969-40.559-57.551 0-14.98 7.9922-28.824 20.965-36.316 12.977-7.4883 28.961-7.4883 41.938 0 12.973 7.4922 20.965 21.336 20.965 36.316 0 22.711-38.711 56.129-40.516 57.547v0.003906c-0.39844 0.33203-0.89844 0.51172-1.418 0.51562zm0-95.699c-9.9766 0.011719-19.543 3.9805-26.598 11.035-7.0586 7.0547-11.023 16.621-11.035 26.598 0 18.496 30.668 46.84 37.633 53.031 6.9688-6.1953 37.633-34.41 37.633-53.031 0-9.9805-3.9648-19.551-11.02-26.609-7.0586-7.0586-16.633-11.023-26.613-11.023z\"\/>\r\n <path d=\"m50 61.289c-5.1328 0-10.055-2.0391-13.688-5.668-3.6289-3.6289-5.668-8.5508-5.668-13.688 0-5.1328 2.0391-10.055 5.668-13.684 3.6328-3.6289 8.5547-5.668 13.688-5.668s10.055 2.0391 13.688 5.668c3.6289 3.6289 5.668 8.5508 5.668 13.684-0.011719 5.1328-2.0547 10.047-5.6836 13.676-3.625 3.625-8.543 5.668-13.672 5.6797zm0-34.41v0.003906c-3.9922 0-7.8203 1.5859-10.645 4.4062-2.8242 2.8242-4.4102 6.6523-4.4102 10.645 0 3.9961 1.5859 7.8242 4.4102 10.648 2.8242 2.8203 6.6523 4.4062 10.645 4.4062s7.8203-1.5859 10.645-4.4062c2.8242-2.8242 4.4102-6.6523 4.4102-10.648 0-3.9922-1.5859-7.8203-4.4102-10.645-2.8242-2.8203-6.6523-4.4062-10.645-4.4062z\"\/><\/svg>\n        \n        \n        \n            <\/div>\n    \n\n\n<\/div><a class=\"bde-text-link-262-123 bde-text-link breakdance-link\" href=\"https:\/\/maps.app.goo.gl\/Ca8AYCQ6fT1wvfuAA\" target=\"_blank\" data-type=\"url\">\n  370 06 Paltsi, Pelion, Gr\u00e8ce\n\n<\/a>\n<\/div><div class=\"bde-column-262-136 bde-column\">\n              \n  \n  \n\t\n\n  <div class=\"section-background-overlay\"><\/div>\n\n\n<div class=\"bde-icon-262-128 bde-icon\">\n\n    \n            <div class=\"bde-icon-icon breakdance-icon-atom\" >\n    \n                    <svg xmlns=\"http:\/\/www.w3.org\/2000\/svg\" xmlns:xlink=\"http:\/\/www.w3.org\/1999\/xlink\" version=\"1.2\" baseprofile=\"tiny\" x=\"0px\" y=\"0px\" viewbox=\"0 0 100 125\" xml:space=\"preserve\"><path d=\"M96.4584656,77.8253784l-0.237793-0.4306641c-4.8520508-8.7890625-10.0698242-15.2402306-15.5092773-19.1748009  c-2.9365234-2.125-6.9086914-2.2314453-9.8847656-0.2666016c-2.465332,1.6259766-6.1352539,4.2519531-9.6220665,7.5331993  c-1.2973633,1.2216797-3.2597656,1.3369141-4.6689453,0.2685547c-3.8334961-2.8994102-7.8193359-6.4121056-11.8466797-10.4384727  c-4.03125-4.0322266-7.5493164-8.0234375-10.456543-11.8642578c-1.0654297-1.4072266-0.9521484-3.3710938,0.2695313-4.6679688  c3.2788086-3.4833984,5.9067383-7.1552753,7.5336914-9.6220722c1.9633789-2.9775391,1.8569336-6.9492188-0.265625-9.8847656  C37.8598366,13.8703032,31.4218464,8.6535063,22.6088581,3.7570217l-0.4868164-0.2617188  c-3.7583008-2.0146484-8.4916992-0.9648438-11.0102539,2.4453123C-4.1040325,26.5421772,0.7577839,48.81464,25.9740925,74.0314331  c15.6845722,15.6845703,30.2309589,23.4931641,43.9462891,23.4931641c8.3256836,0,16.3457031-2.8779297,24.1274414-8.6181641  C97.4941101,86.3634644,98.5302429,81.5997925,96.4584656,77.8253784z M91.0795593,84.8829956  c-8.1572266,6.0175781-16.3520508,8.4179688-25.059082,7.3408203c-11.195797-1.3867188-23.4799767-8.6962891-36.5112305-21.7275391  C16.4677448,57.4542885,9.1547565,45.1642494,7.7734089,33.9669838c-1.0737305-8.7001972,1.3339844-16.8964863,7.3603516-25.0556641  c0.6894531-0.9345708,1.78125-1.4423833,2.8984375-1.4423833c0.5874023,0,1.1816406,0.140625,1.7280273,0.4335938  l0.4448242,0.2392583c8.0288086,4.4609375,14.0844746,9.3242178,17.5131855,14.0654287  c0.9257813,1.2802734,0.9824219,2.9296875,0.1435547,4.2021484c-1.5185547,2.3027344-3.9663086,5.7236347-7.0004902,8.9472675  c-2.8994141,3.0800781-3.1586914,7.7539063-0.6157227,11.1132813c3.0449238,4.0224609,6.7148457,8.1884766,10.908205,12.3818359  c4.1889648,4.1884766,8.3491211,7.8535118,12.3647461,10.8906212c3.3608398,2.5439453,8.0341797,2.2851563,11.1132774-0.6152344  c3.2270508-3.0371094,6.6469727-5.4824181,8.9477539-6.9999962c1.2729492-0.8378906,2.9208984-0.7822266,4.2016602,0.1435547  c6.0258789,4.3593712,10.9731445,11.9443321,14.0654297,17.5458946l0.2285156,0.4140625  C92.9477234,81.8204956,92.5195007,83.8204956,91.0795593,84.8829956z\"\/><\/svg>\n        \n        \n        \n            <\/div>\n    \n\n\n<\/div><a class=\"bde-text-link-262-129 bde-text-link breakdance-link\" href=\"tel:00302423055400\" target=\"_self\" data-type=\"contact\">\n  Tel. ( + 30 ) 24230 55400\n\n<\/a><a class=\"bde-text-link-262-131 bde-text-link breakdance-link\" href=\"tel:00306979009938\" target=\"_self\" data-type=\"contact\">\n  Mob. ( + 30 ) 6979 009938\n\n<\/a>\n<\/div><div class=\"bde-column-262-137 bde-column\">\n              \n  \n  \n\t\n\n  <div class=\"section-background-overlay\"><\/div>\n\n\n<div class=\"bde-icon-262-125 bde-icon\">\n\n    \n            <div class=\"bde-icon-icon breakdance-icon-atom\" >\n    \n                    <svg xmlns=\"http:\/\/www.w3.org\/2000\/svg\" version=\"1.1\" viewbox=\"-5.0 -10.0 110.0 135.0\">\r\n <path d=\"m84.375 18.75h-68.75c-5.1758 0-9.375 4.1992-9.375 9.375v43.75c0 5.1758 4.1992 9.375 9.375 9.375h68.75c5.1758 0 9.375-4.1992 9.375-9.375v-43.75c0-5.1758-4.1992-9.375-9.375-9.375zm-2.5 6.25-30.133 20.09c-1.0469 0.70312-2.418 0.70312-3.4688 0l-30.148-20.09zm2.5 50h-68.75c-1.7266 0-3.125-1.3984-3.125-3.125v-43.125l32.301 21.535c3.1484 2.1016 7.25 2.1016 10.398 0l32.301-21.535v43.125c0 0.82812-0.32812 1.625-0.91406 2.2109-0.58594 0.58594-1.3828 0.91406-2.2109 0.91406z\"\/><\/svg>\n        \n        \n        \n            <\/div>\n    \n\n\n<\/div><a class=\"bde-text-link-262-126 bde-text-link breakdance-link\" href=\"mailto:info@spiliapelion.com?subject=Contact from Spilia Pelion&amp;body=\" target=\"_self\" data-type=\"contact\">\n  info@spiliapelion.com\n\n<\/a>\n<\/div><\/div><div class=\"bde-fancy-divider-262-112 bde-fancy-divider\">\n\n\n<div class=\"bde-fancy-divider__wrapper\">\n  <div class=\"bde-fancy-divider__separator\">\n  \t  <\/div>\n<\/div>\n\n<\/div><div class=\"bde-columns-262-113 bde-columns\"><div class=\"bde-column-262-114 bde-column\">\n  \n  \n\t\n\n\n\n<div class=\"bde-image-262-115 bde-image\">\n<figure class=\"breakdance-image breakdance-image--284\">\n\t<div class=\"breakdance-image-container\">\n\t\t<div class=\"breakdance-image-clip\"><img loading=\"lazy\" decoding=\"async\" class=\"breakdance-image-object\" src=\"https:\/\/spiliapelion.com\/wp-content\/uploads\/2024\/09\/spilia-apartments-beach-bar-08.jpg\" width=\"797\" height=\"1200\" srcset=\"https:\/\/spiliapelion.com\/wp-content\/uploads\/2024\/09\/spilia-apartments-beach-bar-08.jpg 797w, https:\/\/spiliapelion.com\/wp-content\/uploads\/2024\/09\/spilia-apartments-beach-bar-08-199x300.jpg 199w, https:\/\/spiliapelion.com\/wp-content\/uploads\/2024\/09\/spilia-apartments-beach-bar-08-680x1024.jpg 680w, https:\/\/spiliapelion.com\/wp-content\/uploads\/2024\/09\/spilia-apartments-beach-bar-08-768x1156.jpg 768w\" sizes=\"auto, (max-width: 797px) 100vw, 797px\"><\/div>\n\t<\/div><\/figure>\n\n<\/div>\n<\/div><div class=\"bde-column-262-116 bde-column\">\n  \n  \n\t\n\n\n\n<div class=\"bde-rich-text-262-146 bde-rich-text breakdance-rich-text-styles\">\nNous r\u00e9pondrons \u00e0 toutes les demandes le plus vite possible.\n<\/div><div class=\"bde-form-builder-262-144 bde-form-builder\">\n\n<form id=\"contact-form144\" class=\"breakdance-form breakdance-form--vertical\" data-options=\"{&quot;slug&quot;:&quot;custom&quot;,&quot;name&quot;:&quot;Contact Form&quot;,&quot;ajaxUrl&quot;:&quot;https:\\\/\\\/spiliapelion.com\\\/wp-admin\\\/admin-ajax.php&quot;,&quot;clearOnSuccess&quot;:true,&quot;hideOnSuccess&quot;:false,&quot;successMessage&quot;:&quot;Your message has been received!&quot;,&quot;errorMessage&quot;:&quot;Something went wrong&quot;,&quot;redirect&quot;:false,&quot;redirectUrl&quot;:&quot;&quot;,&quot;customJavaScript&quot;:&quot;&quot;,&quot;recaptcha&quot;:{&quot;key&quot;:&quot;&quot;,&quot;enabled&quot;:false},&quot;honeypot_enabled&quot;:true,&quot;popupsOnSuccess&quot;:[],&quot;popupsOnError&quot;:[]}\" data-steps=\"0\" action=\"\" >\n  \n  \n  \n<div class=\"breakdance-form-field breakdance-form-field--text\" >\n    \n    \n            <label class=\"breakdance-form-field__label\" for=\"name\">\n            Pr\u00e9nom<span class=\"breakdance-form-field__required\">*<\/span>\n        <\/label>\n    \n    <input\n    class=\"breakdance-form-field__input\"\n    id=\"name\"\n    aria-describedby=\"name\"\n    type=\"text\"\n    name=\"fields[name]\"\n    placeholder=\"\"\n    value=\"\"\n                \n        \n        \n    required\n>\n\n\n    \n    \n<\/div>\n\n\n<div class=\"breakdance-form-field breakdance-form-field--text\" >\n    \n    \n            <label class=\"breakdance-form-field__label\" for=\"ubsydx\">\n            Nom de famille<span class=\"breakdance-form-field__required\">*<\/span>\n        <\/label>\n    \n    <input\n    class=\"breakdance-form-field__input\"\n    id=\"ubsydx\"\n    aria-describedby=\"ubsydx\"\n    type=\"text\"\n    name=\"fields[ubsydx]\"\n    placeholder=\"\"\n    value=\"\"\n                \n        \n        \n    required\n>\n\n\n    \n    \n<\/div>\n\n\n<div class=\"breakdance-form-field breakdance-form-field--email\" >\n    \n    \n            <label class=\"breakdance-form-field__label\" for=\"email\">\n            Email<span class=\"breakdance-form-field__required\">*<\/span>\n        <\/label>\n    \n    <input\n    class=\"breakdance-form-field__input\"\n    id=\"email\"\n    aria-describedby=\"email\"\n    type=\"email\"\n    name=\"fields[email]\"\n    placeholder=\"\"\n    value=\"\"\n                \n        \n        \n    required\n>\n\n\n    \n    \n<\/div>\n\n\n<div class=\"breakdance-form-field breakdance-form-field--tel\" >\n    \n    \n            <label class=\"breakdance-form-field__label\" for=\"wpvgkr\">\n            Num\u00e9ro de t\u00e9l\u00e9phone\n        <\/label>\n    \n    <input\n    class=\"breakdance-form-field__input\"\n    id=\"wpvgkr\"\n    aria-describedby=\"wpvgkr\"\n    type=\"tel\"\n    name=\"fields[wpvgkr]\"\n    placeholder=\"\"\n    value=\"\"\n                \n        \n        \n    \n    \n    \n    \n>\n\n\n    \n    \n<\/div>\n\n\n<div class=\"breakdance-form-field breakdance-form-field--textarea\" >\n    \n    \n            <label class=\"breakdance-form-field__label\" for=\"message\">\n            Message<span class=\"breakdance-form-field__required\">*<\/span>\n        <\/label>\n    \n    <textarea\n    class=\"breakdance-form-field__input\"\n    id=\"message\"\n    aria-describedby=\"message\"\n    type=\"textarea\"\n    name=\"fields[message]\"\n        placeholder=\"\"\n    required\n>\n<\/textarea>\n\n\n    \n    \n<\/div>\n\n\n<div class=\"breakdance-form-field breakdance-form-field--checkbox\" >\n    \n    \n    \n    <fieldset role=\"group\"\n    aria-label=\"Consent\"\n    >\n       <legend class=\"breakdance-form-field__label\">Consent<span class=\"breakdance-form-field__required\">*<\/span><\/legend>\n          <div class=\"breakdance-form-checkbox\">\n          <input\n              type=\"checkbox\"\n              name=\"fields[waeudv]\"\n              value=\"I consent to the collection and processing of my personal data in accordance with the GDPR and the  &lt;a href=&quot;\/privacy-policy&quot; target=&quot;_blank&quot;&gt;Privacy Policy&lt;\/a&gt;.\"\n              id=\"waeudv-1\"\n              \n                        >\n          <label class=\"breakdance-form-checkbox__text translation-block\" for=\"waeudv-1\">Je consens \u00e0 la collecte et au traitement de mes donn\u00e9es personnelles conform\u00e9ment au GDPR et \u00e0 la <a href=\"\/fr\/privacy-policy\/\" target=\"_blank\">politique de confidentialit\u00e9<\/a>.<\/label>\n      <\/div>\n  <\/fieldset>\n\n\n\n    \n    \n<\/div>\n\n\n<div class=\"breakdance-form-field breakdance-form-field--hpinput\" >\n    \n    \n            <label class=\"breakdance-form-field__label\" for=\"hpname\">\n            HP Name\n        <\/label>\n    \n    <input\n    class=\"breakdance-form-field__input\"\n    id=\"hpname\"\n    aria-describedby=\"hpname\"\n    type=\"hpinput\"\n    name=\"fields[hpname]\"\n    placeholder=\"\"\n    value=\"\"\n                \n        \n        \n    \n    autocomplete=\"off\"\n    tabindex=\"-1\"\n    \n>\n\n\n    \n    \n<\/div>\n\n\n  \n\n<div class=\"breakdance-form-field breakdance-form-footer\">\n    \n    \n                                    \n    \n    \n    \n    \n            \n            <button type=\"submit\" class=\"button-atom button-atom--primary breakdance-form-button breakdance-form-button__submit\"  >\n    \n        <span class=\"button-atom__text\">Envoyer<\/span>\n\n        \n        \n            <\/button>\n    \n    <input type=\"hidden\" name=\"form_id\" value=\"144\">\n    <input type=\"hidden\" name=\"post_id\" value=\"262\">\n<\/div>\n\n  \n<input type=\"hidden\" name=\"trp-form-language\" value=\"fr\"\/><\/form>\n\n\n<\/div>\n<\/div><\/div><div class=\"bde-fancy-divider-262-138 bde-fancy-divider\">\n\n\n<div class=\"bde-fancy-divider__wrapper\">\n  <div class=\"bde-fancy-divider__separator\">\n  \t  <\/div>\n<\/div>\n\n<\/div><div class=\"bde-div-262-139 bde-div\">\n  \n  \n\t\n\n\n\n<h2 class=\"bde-dual-heading-262-148 bde-dual-heading\">\n\n\n            <span data-style=\"primary\" class=\"dual-heading--primary\">O\u00f9 nous<\/span>\n\n            <span data-style=\"secondary\" class=\"dual-heading--secondary  js-annotate\">trouver<\/span>\n\n\n\n<\/h2><div class=\"bde-rich-text-262-141 bde-rich-text breakdance-rich-text-styles\">\n<p class=\"translation-block\">Spilia Apartments\u00bb est situ\u00e9 dans le village de Paltsi sur le c\u00f4t\u00e9 est du mont P\u00e9lion.  Il est tr\u00e8s facile d\u2019atteindre notre h\u00e9bergement. D\u00e8s que vous arrivez \u00e0 Volos, dirigez-vous vers le sud tout le long de la route c\u00f4ti\u00e8re et suivez les panneaux en direction  de Argalasti.  Vous passerez devant un  certain nombre de villes c\u00f4ti\u00e8res comme Agria, Kala Nera et Afissos. Lorsque vous arrivez \u00e0 Argalasti, vous suivez les panneaux routiers  pointant vers Paltsi.<\/p>\n<\/div><div class=\"bde-rich-text-262-143 bde-rich-text breakdance-rich-text-styles\">\n<iframe src=\"https:\/\/www.google.com\/maps\/embed?pb=!1m18!1m12!1m3!1d1299.2313824251305!2d23.31551931532944!3d39.24036528716083!2m3!1f0!2f0!3f0!3m2!1i1024!2i768!4f13.1!3m3!1m2!1s0x14a71ee6683af3a7%3A0xb4bf1a0ed4a48164!2zzqPPgM63zrvOr86x!5e0!3m2!1sel!2sgr!4v1725346998815!5m2!1sel!2sgr\" width=\"100%\" height=\"450\" style=\"border:0;\" allowfullscreen=\"\" loading=\"lazy\" referrerpolicy=\"no-referrer-when-downgrade\"><\/iframe>\n<\/div>\n<\/div><\/div>\n<\/section>","protected":false},"excerpt":{"rendered":"<p>Scattered all across the Pelion peninsula are villages of all sizes, both mountainous and coastal. The charming village of Paltsi is a large hamlet located 53km from the city of Volos, and 13km from the neighbouring village of Argalasti. Contact Spilia Apartments If you have any questions about the accommodation and facilities that we have [&hellip;]<\/p>","protected":false},"author":1,"featured_media":0,"parent":0,"menu_order":0,"comment_status":"closed","ping_status":"closed","template":"","meta":{"_breakdance_hide_in_design_set":false,"_breakdance_tags":"","footnotes":""},"class_list":["post-262","page","type-page","status-publish","hentry"],"_links":{"self":[{"href":"https:\/\/spiliapelion.com\/fr\/wp-json\/wp\/v2\/pages\/262","targetHints":{"allow":["GET"]}}],"collection":[{"href":"https:\/\/spiliapelion.com\/fr\/wp-json\/wp\/v2\/pages"}],"about":[{"href":"https:\/\/spiliapelion.com\/fr\/wp-json\/wp\/v2\/types\/page"}],"author":[{"embeddable":true,"href":"https:\/\/spiliapelion.com\/fr\/wp-json\/wp\/v2\/users\/1"}],"replies":[{"embeddable":true,"href":"https:\/\/spiliapelion.com\/fr\/wp-json\/wp\/v2\/comments?post=262"}],"version-history":[{"count":5,"href":"https:\/\/spiliapelion.com\/fr\/wp-json\/wp\/v2\/pages\/262\/revisions"}],"predecessor-version":[{"id":534,"href":"https:\/\/spiliapelion.com\/fr\/wp-json\/wp\/v2\/pages\/262\/revisions\/534"}],"wp:attachment":[{"href":"https:\/\/spiliapelion.com\/fr\/wp-json\/wp\/v2\/media?parent=262"}],"curies":[{"name":"wp","href":"https:\/\/api.w.org\/{rel}","templated":true}]}}